{"id":151,"date":"2025-04-28T06:53:51","date_gmt":"2025-04-28T06:53:51","guid":{"rendered":"https:\/\/president.mrz.works\/contacto\/"},"modified":"2025-04-29T11:06:27","modified_gmt":"2025-04-29T11:06:27","slug":"contacto","status":"publish","type":"page","link":"https:\/\/president.mrz.works\/es\/contacto\/","title":{"rendered":"Contacto"},"content":{"rendered":"\n<p><\/p>\n\n\n\n<section id=\"\" class=\"wp-block-mrz-block-section section-block container animate d-flex f-justify-center f-dir-col\">\n<div id=\"\" class=\"wp-block-mrz-block-container container-full d-flex container-block\">\n<div class=\"wp-block-mrz-block-column-full column-block column-full d-flex f-dir-col\">\n<h1 class=\"wp-block-mrz-block-heading headline headline--large align-center\">Cont\u00e1ctenos<\/h1>\n\n\n\n<p class=\"wp-block-mrz-block-content paragraph paragraph--normal align-center max-800\"><strong>Estamos Aqu\u00ed para Usted<\/strong><br>Ya sea que est\u00e9 listo para reservar una experiencia inolvidable o simplemente tenga preguntas, nuestro equipo est\u00e1 aqu\u00ed para asistirle con discreci\u00f3n y profesionalismo. Cont\u00e1ctenos hoy y permita que President Escorts Barcelona convierta sus deseos en realidad.  <\/p>\n<\/div>\n<\/div>\n\n\n\n<div id=\"\" class=\"wp-block-mrz-block-container container-full d-flex container-block f-align-center f-justify-center\">\n<div class=\"wp-block-mrz-block-column-full column-block column-full d-flex f-justify-center\">\n<div class=\"wpcf7 no-js\" id=\"wpcf7-f161-o1\" lang=\"es-ES\" dir=\"ltr\" data-wpcf7-id=\"161\">\n<div class=\"screen-reader-response\"><p role=\"status\" aria-live=\"polite\" aria-atomic=\"true\"><\/p> <ul><\/ul><\/div>\n<form action=\"\/es\/wp-json\/wp\/v2\/pages\/151#wpcf7-f161-o1\" method=\"post\" class=\"wpcf7-form init\" aria-label=\"Formulario de contacto\" novalidate=\"novalidate\" data-status=\"init\">\n<div style=\"display: none;\">\n<input type=\"hidden\" name=\"_wpcf7\" value=\"161\" \/>\n<input type=\"hidden\" name=\"_wpcf7_version\" value=\"6.0.6\" \/>\n<input type=\"hidden\" name=\"_wpcf7_locale\" value=\"es_ES\" \/>\n<input type=\"hidden\" name=\"_wpcf7_unit_tag\" value=\"wpcf7-f161-o1\" \/>\n<input type=\"hidden\" name=\"_wpcf7_container_post\" value=\"0\" \/>\n<input type=\"hidden\" name=\"_wpcf7_posted_data_hash\" value=\"\" \/>\n<\/div>\n<p><label> Su Nombre<br \/>\n<span class=\"wpcf7-form-control-wrap\" data-name=\"your-name\"><input size=\"40\" maxlength=\"400\" class=\"wpcf7-form-control wpcf7-text wpcf7-validates-as-required\" autocomplete=\"name\" aria-required=\"true\" aria-invalid=\"false\" value=\"\" type=\"text\" name=\"your-name\" \/><\/span> <\/label>\n<\/p>\n<p><label> Su Correo<br \/>\n<span class=\"wpcf7-form-control-wrap\" data-name=\"your-email\"><input size=\"40\" maxlength=\"400\" class=\"wpcf7-form-control wpcf7-email wpcf7-validates-as-required wpcf7-text wpcf7-validates-as-email\" autocomplete=\"email\" aria-required=\"true\" aria-invalid=\"false\" value=\"\" type=\"email\" name=\"your-email\" \/><\/span> <\/label>\n<\/p>\n<p><label> Sujeto<br \/>\n<span class=\"wpcf7-form-control-wrap\" data-name=\"your-subject\"><input size=\"40\" maxlength=\"400\" class=\"wpcf7-form-control wpcf7-text wpcf7-validates-as-required\" aria-required=\"true\" aria-invalid=\"false\" value=\"\" type=\"text\" name=\"your-subject\" \/><\/span> <\/label>\n<\/p>\n<p><label> Su Mensaje (opcional)<br \/>\n<span class=\"wpcf7-form-control-wrap\" data-name=\"your-message\"><textarea cols=\"40\" rows=\"10\" maxlength=\"2000\" class=\"wpcf7-form-control wpcf7-textarea\" aria-invalid=\"false\" name=\"your-message\"><\/textarea><\/span> <\/label>\n<\/p>\n<p><input class=\"wpcf7-form-control wpcf7-submit has-spinner\" type=\"submit\" value=\"Enviar\" \/>\n<\/p><div class=\"wpcf7-response-output\" aria-hidden=\"true\"><\/div>\n<\/form>\n<\/div>\n\n<\/div>\n<\/div>\n<\/section>\n","protected":false},"excerpt":{"rendered":"","protected":false},"author":1,"featured_media":0,"parent":0,"menu_order":0,"comment_status":"closed","ping_status":"closed","template":"","meta":{"footnotes":""},"class_list":["post-151","page","type-page","status-publish","hentry"],"aioseo_notices":[],"_links":{"self":[{"href":"https:\/\/president.mrz.works\/es\/wp-json\/wp\/v2\/pages\/151","targetHints":{"allow":["GET"]}}],"collection":[{"href":"https:\/\/president.mrz.works\/es\/wp-json\/wp\/v2\/pages"}],"about":[{"href":"https:\/\/president.mrz.works\/es\/wp-json\/wp\/v2\/types\/page"}],"author":[{"embeddable":true,"href":"https:\/\/president.mrz.works\/es\/wp-json\/wp\/v2\/users\/1"}],"replies":[{"embeddable":true,"href":"https:\/\/president.mrz.works\/es\/wp-json\/wp\/v2\/comments?post=151"}],"version-history":[{"count":8,"href":"https:\/\/president.mrz.works\/es\/wp-json\/wp\/v2\/pages\/151\/revisions"}],"predecessor-version":[{"id":164,"href":"https:\/\/president.mrz.works\/es\/wp-json\/wp\/v2\/pages\/151\/revisions\/164"}],"wp:attachment":[{"href":"https:\/\/president.mrz.works\/es\/wp-json\/wp\/v2\/media?parent=151"}],"curies":[{"name":"wp","href":"https:\/\/api.w.org\/{rel}","templated":true}]}}