{"id":149,"date":"2025-04-08T19:48:34","date_gmt":"2025-04-08T19:48:34","guid":{"rendered":"https:\/\/president.mrz.works\/las-habitaciones\/"},"modified":"2025-04-29T09:38:53","modified_gmt":"2025-04-29T09:38:53","slug":"las-habitaciones","status":"publish","type":"page","link":"https:\/\/president.mrz.works\/es\/las-habitaciones\/","title":{"rendered":"Las Habitaciones"},"content":{"rendered":"\n<section id=\"\" class=\"wp-block-mrz-block-section section-block container animate d-flex f-justify-center hero\">\n<div id=\"\" class=\"wp-block-mrz-block-container container-full d-flex container-block f-align-center\">\n<div id=\"\" class=\"wp-block-mrz-block-column-half column-half\">\n<figure class=\"wp-block-image size-full\"><img loading=\"lazy\" decoding=\"async\" width=\"900\" height=\"820\" src=\"https:\/\/president.mrz.works\/wp-content\/uploads\/2025\/04\/hero.jpg\" alt=\"\" class=\"wp-image-22\"\/><\/figure>\n<\/div>\n\n\n\n<div id=\"\" class=\"wp-block-mrz-block-column-half column-half f-align-center\">\n<h5 class=\"wp-block-mrz-block-heading headline headline--small align-center subtitle\">Donde la Elegancia se Encuentra con el Deseo<\/h5>\n\n\n\n<h1 class=\"wp-block-mrz-block-heading headline headline--large align-center\">Bienvenido a las Habitaciones de President<\/h1>\n\n\n\n<p class=\"wp-block-mrz-block-content paragraph paragraph--large align-center color-primary\">Sum\u00e9rjase en un mundo exclusivo de lujo, sofisticaci\u00f3n y experiencias inolvidables. Su placer, nuestra prioridad. <\/p>\n\n\n\n<a href=\"\" class=\"wp-block-mrz-block-scroll scroll scroll--arrow\"><\/a>\n<\/div>\n<\/div>\n<\/section>\n\n<section id=\"\" class=\"wp-block-mrz-block-section section-block container animate d-flex f-justify-center boxes\">\n<div id=\"\" class=\"wp-block-mrz-block-container container-full d-flex container-block f-align-start\">\n<div class=\"wp-block-mrz-block-column-third column-third first\">\n<div class=\"wp-block-mrz-block-column-full column-block column-full d-flex f-dir-col\">\n<h2 class=\"wp-block-mrz-block-heading headline headline--medium align-left\">Nuestras Habitaciones<\/h2>\n\n\n\n<div class=\"wp-block-mrz-block-divider container divider divider-small\"><\/div>\n\n\n\n<p class=\"wp-block-mrz-block-content paragraph paragraph--large align-left\">El Club President Escorts ostenta una atm\u00f3sfera y decoraci\u00f3n que son nada menos que encantadoras, creando una experiencia inolvidable para nuestros distinguidos clientes:<\/p>\n\n\n\n<p class=\"wp-block-mrz-block-content paragraph paragraph--normal align-left\">President Club no es simplemente un club de escorts; es un santuario de lujo, un lugar donde todos sus sentidos son estimulados y cada uno de sus deseos es atendido. Nuestra atm\u00f3sfera y decoraci\u00f3n est\u00e1n cuidadosamente elaboradas para garantizar que cada visita sea una experiencia fascinante e inolvidable. Bienvenido a una velada de belleza y atractivo sin parang\u00f3n en President Escorts en Barcelona.  <\/p>\n<\/div>\n<\/div>\n\n\n\n<div class=\"wp-block-mrz-block-column-third column-third second\">\n<div class=\"wp-block-mrz-block-column-full column-block column-full d-flex f-dir-col text\">\n<h5 class=\"wp-block-mrz-block-heading headline headline--small align-left\">Ambiente Elegante<\/h5>\n\n\n\n<p class=\"wp-block-mrz-block-content paragraph paragraph--normal align-left\">Al entrar, se ver\u00e1 inmediatamente envuelto en un ambiente de elegancia y refinamiento. El interior del club irradia lujo, presentando una sofisticada paleta de colores, asientos suntuosos e iluminaci\u00f3n de buen gusto que crea el ambiente perfecto para una velada encantadora. <\/p>\n<\/div>\n\n\n\n<figure class=\"wp-block-image size-full\"><img loading=\"lazy\" decoding=\"async\" width=\"500\" height=\"439\" src=\"https:\/\/president.mrz.works\/wp-content\/uploads\/2025\/04\/room-2.jpg\" alt=\"\" class=\"wp-image-67\"\/><\/figure>\n<\/div>\n\n\n\n<div class=\"wp-block-mrz-block-column-third column-third third\">\n<figure class=\"wp-block-image size-full\"><img loading=\"lazy\" decoding=\"async\" width=\"500\" height=\"439\" src=\"https:\/\/president.mrz.works\/wp-content\/uploads\/2025\/04\/room-1.jpg\" alt=\"\" class=\"wp-image-68\"\/><\/figure>\n\n\n\n<div class=\"wp-block-mrz-block-column-full column-block column-full d-flex f-dir-col text\">\n<h5 class=\"wp-block-mrz-block-heading headline headline--small align-left\">Decoraci\u00f3n Suntuosa<\/h5>\n\n\n\n<p class=\"wp-block-mrz-block-content paragraph paragraph--normal align-left\">La decoraci\u00f3n del President Club es una mezcla armoniosa de opulencia y seducci\u00f3n. Es un espacio donde cada detalle, desde las obras de arte en las paredes hasta la fina vajilla, est\u00e1 meticulosamente seleccionado para crear un ambiente sensual y acogedor. <\/p>\n<\/div>\n<\/div>\n\n\n\n<div class=\"wp-block-mrz-block-column-third column-third fourth\">\n<div class=\"wp-block-mrz-block-column-full column-block column-full d-flex f-dir-col text\">\n<h5 class=\"wp-block-mrz-block-heading headline headline--small align-left\">Habitaciones Privadas<\/h5>\n\n\n\n<p class=\"wp-block-mrz-block-content paragraph paragraph--normal align-left\">Para una experiencia m\u00e1s \u00edntima, President Club ofrece salones privados exclusivos. Estas \u00e1reas aisladas est\u00e1n lujosamente adornadas con asientos mullidos, garantizando la privacidad. <\/p>\n<\/div>\n\n\n\n<figure class=\"wp-block-image size-full\"><img loading=\"lazy\" decoding=\"async\" width=\"500\" height=\"439\" src=\"https:\/\/president.mrz.works\/wp-content\/uploads\/2025\/04\/room-3.jpg\" alt=\"\" class=\"wp-image-69\"\/><\/figure>\n<\/div>\n<\/div>\n<\/section>\n\n<section id=\"\" class=\"wp-block-mrz-block-section section-block container animate d-flex f-justify-center rooms\">\n<div id=\"\" class=\"wp-block-mrz-block-container container-full d-flex container-block f-align-center room-slide\">\n<div id=\"\" class=\"wp-block-mrz-block-column-half column-half f-align-start\">\n<h5 class=\"wp-block-mrz-block-heading headline headline--small align-left subtitle\">Habitaci\u00f3n N\u00ba 1<\/h5>\n\n\n\n<h2 class=\"wp-block-mrz-block-heading headline headline--medium align-left\">C\u00e9sar<\/h2>\n\n\n\n<p class=\"wp-block-mrz-block-content paragraph paragraph--large align-left\">Ad\u00e9ntrese en el mundo del lujo imperial con la Habitaci\u00f3n C\u00e9sar. Inspirada en la grandeza de la antigua Roma, este espacio suntuoso ofrece un entorno regio donde la pasi\u00f3n y el poder se entrelazan. Ricos acentos dorados, mobiliario de terciopelo mullido y opulentos detalles en m\u00e1rmol crean una atm\u00f3sfera de m\u00e1xima sofisticaci\u00f3n.   <\/p>\n\n\n\n<p class=\"wp-block-mrz-block-content paragraph paragraph--normal align-left\">Ya sea que busque una escapada \u00edntima o una aventura inolvidable, la Habitaci\u00f3n C\u00e9sar ofrece una experiencia sensorial dise\u00f1ada para despertar sus deseos m\u00e1s profundos. La iluminaci\u00f3n ambiental y una extravagante cama king-size le invitan a rendirse al deleite, mientras que cada detalle, desde la ropa de cama premium hasta la decoraci\u00f3n artesanal, est\u00e1 seleccionado para su placer. En la Habitaci\u00f3n C\u00e9sar, usted no es solo un hu\u00e9sped, es un emperador.  <\/p>\n<\/div>\n\n\n\n<div id=\"\" class=\"wp-block-mrz-block-column-half column-half feature-img\">\n<figure class=\"wp-block-image size-full\"><img loading=\"lazy\" decoding=\"async\" width=\"1080\" height=\"1080\" src=\"https:\/\/president.mrz.works\/wp-content\/uploads\/2025\/04\/cesar-1.jpg\" alt=\"\" class=\"wp-image-94\" srcset=\"https:\/\/president.mrz.works\/wp-content\/uploads\/2025\/04\/cesar-1.jpg 1080w, https:\/\/president.mrz.works\/wp-content\/uploads\/2025\/04\/cesar-1-300x300.jpg 300w, https:\/\/president.mrz.works\/wp-content\/uploads\/2025\/04\/cesar-1-1024x1024.jpg 1024w, https:\/\/president.mrz.works\/wp-content\/uploads\/2025\/04\/cesar-1-150x150.jpg 150w, https:\/\/president.mrz.works\/wp-content\/uploads\/2025\/04\/cesar-1-768x768.jpg 768w\" sizes=\"auto, (max-width: 1080px) 100vw, 1080px\" \/><\/figure>\n<\/div>\n<\/div>\n\n\n\n<div id=\"\" class=\"wp-block-mrz-block-container container-full d-flex container-block f-align-center room-slide\">\n<div id=\"\" class=\"wp-block-mrz-block-column-half column-half f-align-start\">\n<h5 class=\"wp-block-mrz-block-heading headline headline--small align-left subtitle\">Habitaci\u00f3n N\u00ba 2<\/h5>\n\n\n\n<h2 class=\"wp-block-mrz-block-heading headline headline--medium align-left\">Ankor<\/h2>\n\n\n\n<p class=\"wp-block-mrz-block-content paragraph paragraph--large align-left\">M\u00edstica y ex\u00f3tica, la Habitaci\u00f3n Ankor le transporta al coraz\u00f3n de un templo olvidado en lo profundo de exuberantes selvas. Haciendo eco de la enigm\u00e1tica belleza de Angkor Wat, esta habitaci\u00f3n es un santuario de sombra y luz. Texturas terrosas, tallas ornamentadas y telas lujosas se entrelazan para crear una atm\u00f3sfera de descubrimiento sensual.   <\/p>\n\n\n\n<p class=\"wp-block-mrz-block-content paragraph paragraph--normal align-left\">El suave incienso llena el aire, invit\u00e1ndole a perderse en un mundo donde el tiempo se detiene y cada toque es sagrado. Ya sea un momento de intimidad tranquila o una noche de exploraci\u00f3n salvaje, la Habitaci\u00f3n Ankor es su puerta privada a un viaje inolvidable de los sentidos, aqu\u00ed mismo en el coraz\u00f3n de Barcelona. <\/p>\n<\/div>\n\n\n\n<div id=\"\" class=\"wp-block-mrz-block-column-half column-half feature-img\">\n<figure class=\"wp-block-image size-full\"><img loading=\"lazy\" decoding=\"async\" width=\"1080\" height=\"1080\" src=\"https:\/\/president.mrz.works\/wp-content\/uploads\/2025\/04\/ankor.jpg\" alt=\"\" class=\"wp-image-95\" srcset=\"https:\/\/president.mrz.works\/wp-content\/uploads\/2025\/04\/ankor.jpg 1080w, https:\/\/president.mrz.works\/wp-content\/uploads\/2025\/04\/ankor-300x300.jpg 300w, https:\/\/president.mrz.works\/wp-content\/uploads\/2025\/04\/ankor-1024x1024.jpg 1024w, https:\/\/president.mrz.works\/wp-content\/uploads\/2025\/04\/ankor-150x150.jpg 150w, https:\/\/president.mrz.works\/wp-content\/uploads\/2025\/04\/ankor-768x768.jpg 768w\" sizes=\"auto, (max-width: 1080px) 100vw, 1080px\" \/><\/figure>\n<\/div>\n<\/div>\n\n\n\n<div id=\"\" class=\"wp-block-mrz-block-container container-full d-flex container-block f-align-center room-slide\">\n<div id=\"\" class=\"wp-block-mrz-block-column-half column-half f-align-start\">\n<h5 class=\"wp-block-mrz-block-heading headline headline--small align-left subtitle\">Habitaci\u00f3n N\u00ba 3<\/h5>\n\n\n\n<h2 class=\"wp-block-mrz-block-heading headline headline--medium align-left\">Fara\u00f3n<\/h2>\n\n\n\n<p class=\"wp-block-mrz-block-content paragraph paragraph--large align-left\">La Habitaci\u00f3n Fara\u00f3n es un tributo al atractivo atemporal del antiguo Egipto, donde el misterio y la majestuosidad reinan supremos. Adornada con suntuosos dorados, azules profundos y llamativos motivos jerogl\u00edficos, esta habitaci\u00f3n est\u00e1 dise\u00f1ada para hacerle sentir como un gobernante divino.  <\/p>\n\n\n\n<p class=\"wp-block-mrz-block-content paragraph paragraph--normal align-left\">El entorno lujoso, combinado con iluminaci\u00f3n que realza el ambiente y texturas suaves y lujosas, crea un escenario de m\u00e1ximo placer y poder. Cada detalle, desde las s\u00e1banas sedosas hasta la decoraci\u00f3n ex\u00f3tica, le invita a sumergirse en una fantas\u00eda donde usted comanda su propio reino de deseo. Deje que el esp\u00edritu de los faraones le gu\u00ede hacia una experiencia que trasciende lo ordinario y redefine la indulgencia.  <\/p>\n<\/div>\n\n\n\n<div id=\"\" class=\"wp-block-mrz-block-column-half column-half feature-img\">\n<figure class=\"wp-block-image size-full\"><img loading=\"lazy\" decoding=\"async\" width=\"1080\" height=\"1080\" src=\"https:\/\/president.mrz.works\/wp-content\/uploads\/2025\/04\/faraon.jpg\" alt=\"\" class=\"wp-image-96\" srcset=\"https:\/\/president.mrz.works\/wp-content\/uploads\/2025\/04\/faraon.jpg 1080w, https:\/\/president.mrz.works\/wp-content\/uploads\/2025\/04\/faraon-300x300.jpg 300w, https:\/\/president.mrz.works\/wp-content\/uploads\/2025\/04\/faraon-1024x1024.jpg 1024w, https:\/\/president.mrz.works\/wp-content\/uploads\/2025\/04\/faraon-150x150.jpg 150w, https:\/\/president.mrz.works\/wp-content\/uploads\/2025\/04\/faraon-768x768.jpg 768w\" sizes=\"auto, (max-width: 1080px) 100vw, 1080px\" \/><\/figure>\n<\/div>\n<\/div>\n\n\n\n<div id=\"\" class=\"wp-block-mrz-block-container container-full d-flex container-block f-align-center room-slide\">\n<div id=\"\" class=\"wp-block-mrz-block-column-half column-half f-align-start\">\n<h5 class=\"wp-block-mrz-block-heading headline headline--small align-left subtitle\">Habitaci\u00f3n N\u00ba 4<\/h5>\n\n\n\n<h2 class=\"wp-block-mrz-block-heading headline headline--medium align-left\">Duque<\/h2>\n\n\n\n<p class=\"wp-block-mrz-block-content paragraph paragraph--large align-left\">La elegancia atemporal y el encanto aristocr\u00e1tico le esperan en la Habitaci\u00f3n Duque. Inspir\u00e1ndose en las opulentas mansiones de la nobleza europea, esta habitaci\u00f3n combina la sofisticaci\u00f3n cl\u00e1sica con un seductor toque moderno.  <\/p>\n\n\n\n<p class=\"wp-block-mrz-block-content paragraph paragraph--normal align-left\">Acabados de alta gama, telas lujosas e iluminaci\u00f3n art\u00edstica crean una atm\u00f3sfera rica e \u00edntima, perfecta para momentos de pasi\u00f3n refinada. Sum\u00e9rjase en la decadencia de la cama mullida o pi\u00e9rdase en una conversaci\u00f3n profunda sobre una copa de champ\u00e1n en el acogedor \u00e1rea de estar. La Habitaci\u00f3n Duque ofrece un santuario donde la elegancia, la intimidad y la fantas\u00eda coexisten, una invitaci\u00f3n a vivir sus deseos m\u00e1s sofisticados con un estilo inolvidable.  <\/p>\n<\/div>\n\n\n\n<div id=\"\" class=\"wp-block-mrz-block-column-half column-half feature-img\">\n<figure class=\"wp-block-image size-full\"><img loading=\"lazy\" decoding=\"async\" width=\"1080\" height=\"1080\" src=\"https:\/\/president.mrz.works\/wp-content\/uploads\/2025\/04\/duque.jpg\" alt=\"\" class=\"wp-image-97\" srcset=\"https:\/\/president.mrz.works\/wp-content\/uploads\/2025\/04\/duque.jpg 1080w, https:\/\/president.mrz.works\/wp-content\/uploads\/2025\/04\/duque-300x300.jpg 300w, https:\/\/president.mrz.works\/wp-content\/uploads\/2025\/04\/duque-1024x1024.jpg 1024w, https:\/\/president.mrz.works\/wp-content\/uploads\/2025\/04\/duque-150x150.jpg 150w, https:\/\/president.mrz.works\/wp-content\/uploads\/2025\/04\/duque-768x768.jpg 768w\" sizes=\"auto, (max-width: 1080px) 100vw, 1080px\" \/><\/figure>\n<\/div>\n<\/div>\n\n\n\n<div id=\"\" class=\"wp-block-mrz-block-container container-full d-flex container-block f-align-center room-slide\">\n<div id=\"\" class=\"wp-block-mrz-block-column-half column-half f-align-start\">\n<h5 class=\"wp-block-mrz-block-heading headline headline--small align-left subtitle\">Habitaci\u00f3n N\u00ba 5<\/h5>\n\n\n\n<h2 class=\"wp-block-mrz-block-heading headline headline--medium align-left\">Shogun<\/h2>\n\n\n\n<p class=\"wp-block-mrz-block-content paragraph paragraph--large align-left\">Poderosa, refinada y exquisitamente dise\u00f1ada, la Habitaci\u00f3n Shogun canaliza el esp\u00edritu de los nobles guerreros del Jap\u00f3n antiguo. Maderas oscuras, l\u00edneas minimalistas y delicados detalles en seda crean un espacio de serena fortaleza y silenciosa sensualidad.  <\/p>\n\n\n\n<p class=\"wp-block-mrz-block-content paragraph paragraph--normal align-left\">Una profunda ba\u00f1era de inmersi\u00f3n, iluminaci\u00f3n ambiental y ropa de cama lujosa le invitan a desacelerar, saborear el momento y perderse en una atm\u00f3sfera de opulencia discreta. Ya sea que se sienta atra\u00eddo por momentos de tierna intimidad o de intensa pasi\u00f3n, la Habitaci\u00f3n Shogun est\u00e1 dise\u00f1ada para honrar cada faceta de su traves\u00eda. En este santuario de equilibrio y placer, experimentar\u00e1 un nuevo tipo de conexi\u00f3n, una que es poderosa, pura e inolvidable.  <\/p>\n<\/div>\n\n\n\n<div id=\"\" class=\"wp-block-mrz-block-column-half column-half feature-img\">\n<figure class=\"wp-block-image size-full\"><img loading=\"lazy\" decoding=\"async\" width=\"500\" height=\"439\" src=\"https:\/\/president.mrz.works\/wp-content\/uploads\/2025\/04\/room-1.jpg\" alt=\"\" class=\"wp-image-68\"\/><\/figure>\n<\/div>\n<\/div>\n\n\n\n<div id=\"\" class=\"wp-block-mrz-block-container container-full d-flex container-block f-align-center room-slide\">\n<div id=\"\" class=\"wp-block-mrz-block-column-half column-half f-align-start\">\n<h5 class=\"wp-block-mrz-block-heading headline headline--small align-left subtitle\">Habitaci\u00f3n N\u00ba 6<\/h5>\n\n\n\n<h2 class=\"wp-block-mrz-block-heading headline headline--medium align-left\">Moctezuma<\/h2>\n\n\n\n<p class=\"wp-block-mrz-block-content paragraph paragraph--large align-left\">Audaz y majestuosa, la Habitaci\u00f3n Moctezuma le invita a un mundo donde el esp\u00edritu de la antigua realeza azteca se encuentra con el lujo moderno. Ricas texturas, colores vibrantes y piezas de arte simb\u00f3licas crean un tel\u00f3n de fondo audaz y ex\u00f3tico para sus encuentros m\u00e1s apasionados. <\/p>\n\n\n\n<p class=\"wp-block-mrz-block-content paragraph paragraph--normal align-left\">Cada detalle, desde la decoraci\u00f3n artesanal hasta la suntuosa cama, evoca una sensaci\u00f3n de aventura y atractivo ind\u00f3mito. La Habitaci\u00f3n Moctezuma es m\u00e1s que un lugar: es una experiencia, un portal a un mundo donde usted reina supremo y cada deseo est\u00e1 al alcance. Deje que la energ\u00eda de los antiguos reyes le inspire a vivir con audacia, amar profundamente y abrazar cada momento de placer sin vacilaci\u00f3n.  <\/p>\n<\/div>\n\n\n\n<div id=\"\" class=\"wp-block-mrz-block-column-half column-half feature-img\">\n<figure class=\"wp-block-image size-full\"><img loading=\"lazy\" decoding=\"async\" width=\"1080\" height=\"1080\" src=\"https:\/\/president.mrz.works\/wp-content\/uploads\/2025\/04\/moctezuma.jpg\" alt=\"\" class=\"wp-image-99\" srcset=\"https:\/\/president.mrz.works\/wp-content\/uploads\/2025\/04\/moctezuma.jpg 1080w, https:\/\/president.mrz.works\/wp-content\/uploads\/2025\/04\/moctezuma-300x300.jpg 300w, https:\/\/president.mrz.works\/wp-content\/uploads\/2025\/04\/moctezuma-1024x1024.jpg 1024w, https:\/\/president.mrz.works\/wp-content\/uploads\/2025\/04\/moctezuma-150x150.jpg 150w, https:\/\/president.mrz.works\/wp-content\/uploads\/2025\/04\/moctezuma-768x768.jpg 768w\" sizes=\"auto, (max-width: 1080px) 100vw, 1080px\" \/><\/figure>\n<\/div>\n<\/div>\n<\/section>\n\n<section id=\"\" class=\"wp-block-mrz-block-section section-block container animate d-flex f-justify-center booking\">\n<div id=\"\" class=\"wp-block-mrz-block-container container-full d-flex container-block f-align-center\">\n<div id=\"\" class=\"wp-block-mrz-block-column-half column-half no-whitespace\">\n<figure class=\"wp-block-image size-full\"><img loading=\"lazy\" decoding=\"async\" width=\"841\" height=\"551\" src=\"https:\/\/president.mrz.works\/wp-content\/uploads\/2025\/04\/booking.jpg\" alt=\"\" class=\"wp-image-51\"\/><\/figure>\n<\/div>\n\n\n\n<div id=\"\" class=\"wp-block-mrz-block-column-half column-half f-align-center no-whitespace\">\n<h2 class=\"wp-block-mrz-block-heading headline headline--medium align-left\">Reservas<\/h2>\n\n\n\n<div class=\"wp-block-mrz-block-divider container divider divider-small\"><\/div>\n\n\n\n<p class=\"wp-block-mrz-block-content paragraph paragraph--large align-left\">\u00bfEst\u00e1 listo para deleitarse con una experiencia inolvidable? Asegure su noche exclusiva en President Escorts Club y sum\u00e9rjase en un mundo de sofisticaci\u00f3n, lujo y compa\u00f1\u00eda de \u00e9lite. <\/p>\n\n\n\n<p class=\"wp-block-mrz-block-content paragraph paragraph--normal align-left\">Ya sea que est\u00e9 celebrando una ocasi\u00f3n especial o simplemente anhelando una escapada extraordinaria, nuestro club de acompa\u00f1antes de lujo en Barcelona es el destino definitivo. No espere m\u00e1s: reserve su experiencia hoy y deje que la noche se despliegue con elegancia y deseo. <\/p>\n\n\n\n<a href=\"\" class=\"wp-block-mrz-block-button btn btn--normal\">WhatsApp<\/a>\n<\/div>\n<\/div>\n<\/section>\n","protected":false},"excerpt":{"rendered":"","protected":false},"author":1,"featured_media":0,"parent":0,"menu_order":0,"comment_status":"closed","ping_status":"closed","template":"","meta":{"footnotes":""},"class_list":["post-149","page","type-page","status-publish","hentry"],"aioseo_notices":[],"_links":{"self":[{"href":"https:\/\/president.mrz.works\/es\/wp-json\/wp\/v2\/pages\/149","targetHints":{"allow":["GET"]}}],"collection":[{"href":"https:\/\/president.mrz.works\/es\/wp-json\/wp\/v2\/pages"}],"about":[{"href":"https:\/\/president.mrz.works\/es\/wp-json\/wp\/v2\/types\/page"}],"author":[{"embeddable":true,"href":"https:\/\/president.mrz.works\/es\/wp-json\/wp\/v2\/users\/1"}],"replies":[{"embeddable":true,"href":"https:\/\/president.mrz.works\/es\/wp-json\/wp\/v2\/comments?post=149"}],"version-history":[{"count":1,"href":"https:\/\/president.mrz.works\/es\/wp-json\/wp\/v2\/pages\/149\/revisions"}],"predecessor-version":[{"id":150,"href":"https:\/\/president.mrz.works\/es\/wp-json\/wp\/v2\/pages\/149\/revisions\/150"}],"wp:attachment":[{"href":"https:\/\/president.mrz.works\/es\/wp-json\/wp\/v2\/media?parent=149"}],"curies":[{"name":"wp","href":"https:\/\/api.w.org\/{rel}","templated":true}]}}