{"id":145,"date":"2025-03-30T19:02:27","date_gmt":"2025-03-30T19:02:27","guid":{"rendered":"https:\/\/president.mrz.works\/inicio\/"},"modified":"2025-05-01T17:10:01","modified_gmt":"2025-05-01T17:10:01","slug":"inicio","status":"publish","type":"page","link":"https:\/\/president.mrz.works\/es\/","title":{"rendered":"Inicio"},"content":{"rendered":"\n<section id=\"\" class=\"wp-block-mrz-block-section section-block container animate d-flex f-justify-center hero\">\n<div id=\"\" class=\"wp-block-mrz-block-container container-full d-flex container-block f-align-center\">\n<div id=\"\" class=\"wp-block-mrz-block-column-half column-half\">\n<figure class=\"wp-block-image size-full\"><img loading=\"lazy\" decoding=\"async\" width=\"900\" height=\"820\" src=\"https:\/\/president.mrz.works\/wp-content\/uploads\/2025\/05\/hero.jpg\" alt=\"\" class=\"wp-image-172\" srcset=\"https:\/\/president.mrz.works\/wp-content\/uploads\/2025\/05\/hero.jpg 900w, https:\/\/president.mrz.works\/wp-content\/uploads\/2025\/05\/hero-300x273.jpg 300w, https:\/\/president.mrz.works\/wp-content\/uploads\/2025\/05\/hero-768x700.jpg 768w\" sizes=\"auto, (max-width: 900px) 100vw, 900px\" \/><\/figure>\n<\/div>\n\n\n\n<div id=\"\" class=\"wp-block-mrz-block-column-half column-half f-align-center hero-box\">\n<h5 class=\"wp-block-mrz-block-heading headline headline--small align-center subtitle\">Bienvenido a President Escorts<\/h5>\n\n\n\n<h1 class=\"wp-block-mrz-block-heading headline headline--large align-center\">El Club de Acompa\u00f1antes de Lujo por Excelencia<\/h1>\n\n\n\n<p class=\"wp-block-mrz-block-content paragraph paragraph--large align-center color-primary\">Experimente elegancia, sofisticaci\u00f3n y compa\u00f1\u00eda exclusiva con las m\u00e1s distinguidas acompa\u00f1antes en Barcelona. Su placer, nuestra prioridad.<br><br>Tel\u00e9fono: +34 663 264 417<\/p>\n\n\n\n<a href=\"\" class=\"wp-block-mrz-block-button btn btn--secondary\">Reservar Ahora<\/a>\n<\/div>\n<\/div>\n<\/section>\n\n<section id=\"\" class=\"wp-block-mrz-block-section section-block container animate d-flex f-justify-center no-whitespace home-banner\">\r\r\n\r\n\r\r\n<section class=\"banner-block\" style=\"background-image: url('https:\/\/president.mrz.works\/wp-content\/uploads\/2025\/05\/banner-1920x1080.jpg')\">\r\r\n        \n\n<div id=\"\" class=\"wp-block-mrz-block-container container-full d-flex container-block mobile-column-reverse\">\n<div id=\"\" class=\"wp-block-mrz-block-column-half column-half f-align-center\">\n<h2 class=\"wp-block-mrz-block-heading headline headline--medium align-left\">Somos la Experiencia de Acompa\u00f1antes de Lujo Definitiva en Barcelona<\/h2>\n\n\n\n<div class=\"wp-block-mrz-block-divider container divider divider-small\"><\/div>\n\n\n\n<p class=\"wp-block-mrz-block-content paragraph paragraph--large align-left\">Ubicado en el coraz\u00f3n de Barcelona, President Escorts Club es el destino principal de la ciudad para aquellos que buscan la perfecta combinaci\u00f3n de exclusividad, sofisticaci\u00f3n y compa\u00f1\u00eda de \u00e9lite. M\u00e1s que un simple club de acompa\u00f1antes, ofrecemos una experiencia sin igual donde la elegancia se encuentra con la indulgencia.<\/p>\n\n\n\n<p class=\"wp-block-mrz-block-content paragraph paragraph--normal align-left\">Ad\u00e9ntrese en un mundo de placer refinado, donde la decoraci\u00f3n suntuosa, un ambiente cautivador y las m\u00e1s exquisitas acompa\u00f1antes de lujo en Barcelona crean momentos inolvidables. Nuestras acompa\u00f1antes cuidadosamente seleccionadas encarnan la belleza, el encanto y la sofisticaci\u00f3n, asegurando que cada encuentro sea tan extraordinario como el entorno mismo.<br>En President Escorts Club, redefinimos el entretenimiento para adultos mediante la creaci\u00f3n de experiencias a medida adaptadas a sus deseos. Ya sea que est\u00e9 buscando una velada \u00edntima, hospitalidad de clase mundial o una experiencia VIP exclusiva, garantizamos un servicio impecable y discreci\u00f3n en cada paso.<br>\u00danase a nosotros y descubra por qu\u00e9 somos el nombre l\u00edder en acompa\u00f1antes de lujo y entretenimiento de \u00e9lite en Barcelona. Su placer, nuestra pasi\u00f3n.<\/p>\n<\/div>\n\n\n\n<div id=\"\" class=\"wp-block-mrz-block-column-half column-half\"><\/div>\n<\/div>\n\n\r\n<\/section><\/section>\n\n<section id=\"\" class=\"wp-block-mrz-block-section section-block container animate d-flex f-justify-center boxes\">\n<div id=\"\" class=\"wp-block-mrz-block-container container-full d-flex container-block f-align-start\">\n<div class=\"wp-block-mrz-block-column-third column-third left\">\n<div class=\"wp-block-mrz-block-column-full column-block column-full d-flex f-dir-col\">\n<h5 class=\"wp-block-mrz-block-heading headline headline--small align-left subtitle\">Nuestra Misi\u00f3n<\/h5>\n\n\n\n<h2 class=\"wp-block-mrz-block-heading headline headline--medium align-left\">Caracter\u00edsticas Exclusivas del Club<\/h2>\n\n\n\n<div class=\"wp-block-mrz-block-divider container divider divider-small\"><\/div>\n<\/div>\n\n\n\n<figure class=\"wp-block-image size-full\"><img loading=\"lazy\" decoding=\"async\" width=\"779\" height=\"585\" src=\"https:\/\/president.mrz.works\/wp-content\/uploads\/2025\/04\/img-1.jpg\" alt=\"\" class=\"wp-image-53\"\/><\/figure>\n<\/div>\n\n\n\n<div class=\"wp-block-mrz-block-column-third column-third center\">\n<figure class=\"wp-block-image size-full\"><img loading=\"lazy\" decoding=\"async\" width=\"777\" height=\"388\" src=\"https:\/\/president.mrz.works\/wp-content\/uploads\/2025\/04\/img-2-1.jpg\" alt=\"\" class=\"wp-image-101\" srcset=\"https:\/\/president.mrz.works\/wp-content\/uploads\/2025\/04\/img-2-1.jpg 777w, https:\/\/president.mrz.works\/wp-content\/uploads\/2025\/04\/img-2-1-300x150.jpg 300w, https:\/\/president.mrz.works\/wp-content\/uploads\/2025\/04\/img-2-1-768x384.jpg 768w\" sizes=\"auto, (max-width: 777px) 100vw, 777px\" \/><\/figure>\n\n\n\n<div class=\"wp-block-mrz-block-column-full column-block column-full d-flex f-dir-col items\">\n<div class=\"wp-block-mrz-block-column-full column-block column-full d-flex item\">\n<p class=\"wp-block-mrz-block-content paragraph paragraph--normal align-left\"><strong>Selecci\u00f3n de \u00c9lite<\/strong><br>Acompa\u00f1antes de clase mundial cuidadosamente seleccionadas que encarnan la belleza, el encanto y la sofisticaci\u00f3n.<\/p>\n<\/div>\n\n\n\n<div class=\"wp-block-mrz-block-column-full column-block column-full d-flex item\">\n<p class=\"wp-block-mrz-block-content paragraph paragraph--normal align-left\"><strong>Atm\u00f3sfera Lujosa<\/strong><br>Un entorno opulento y elegante dise\u00f1ado para el confort y el placer.<\/p>\n<\/div>\n\n\n\n<div class=\"wp-block-mrz-block-column-full column-block column-full d-flex item\">\n<p class=\"wp-block-mrz-block-content paragraph paragraph--normal align-left\"><strong>Discreci\u00f3n y Privacidad<\/strong><br>Su confidencialidad es nuestra m\u00e1xima prioridad, garantizando una experiencia fluida y exclusiva.<\/p>\n<\/div>\n\n\n\n<div class=\"wp-block-mrz-block-column-full column-block column-full d-flex item\">\n<p class=\"wp-block-mrz-block-content paragraph paragraph--normal align-left\"><strong>Noches Inolvidables<\/strong><br>Una fusi\u00f3n de elegancia, entretenimiento y compa\u00f1\u00eda de \u00e9lite que redefine la vida nocturna de lujo.<\/p>\n<\/div>\n\n\n\n<div class=\"wp-block-mrz-block-column-full column-block column-full d-flex item\">\n<p class=\"wp-block-mrz-block-content paragraph paragraph--normal align-left\">En President Escorts Club, sus deseos ocupan un lugar central en uno de los mejores clubs de acompa\u00f1antes de Barcelona, donde cada noche es una obra maestra de seducci\u00f3n y sofisticaci\u00f3n.<\/p>\n<\/div>\n<\/div>\n<\/div>\n\n\n\n<div class=\"wp-block-mrz-block-column-third column-third right\">\n<div class=\"wp-block-mrz-block-column-full column-block column-full d-flex f-dir-col\">\n<p class=\"wp-block-mrz-block-content paragraph paragraph--normal align-left\">En President Escorts Club, nos dedicamos a proporcionar una combinaci\u00f3n sin igual de lujo, discreci\u00f3n y compa\u00f1\u00eda de clase mundial. Nuestro compromiso con la exclusividad se refleja en nuestra selecci\u00f3n de acompa\u00f1antes de \u00e9lite en Barcelona, asegurando que cada encuentro sea tan cautivador como inolvidable.<\/p>\n\n\n\n<p class=\"wp-block-mrz-block-content paragraph paragraph--normal align-left\">Nos esforzamos por crear un ambiente sofisticado donde la indulgencia se encuentra con el refinamiento, ofreciendo un santuario para aquellos que buscan lo m\u00e1s exquisito en entretenimiento para adultos. La privacidad y la personalizaci\u00f3n son el n\u00facleo de nuestro servicio, permitiendo que cada invitado disfrute de una experiencia hecha a medida que respeta sus deseos y expectativas.<\/p>\n<\/div>\n\n\n\n<figure class=\"wp-block-image size-full\"><img loading=\"lazy\" decoding=\"async\" width=\"779\" height=\"585\" src=\"https:\/\/president.mrz.works\/wp-content\/uploads\/2025\/04\/img-3-1.jpg\" alt=\"\" class=\"wp-image-102\" srcset=\"https:\/\/president.mrz.works\/wp-content\/uploads\/2025\/04\/img-3-1.jpg 779w, https:\/\/president.mrz.works\/wp-content\/uploads\/2025\/04\/img-3-1-300x225.jpg 300w, https:\/\/president.mrz.works\/wp-content\/uploads\/2025\/04\/img-3-1-768x577.jpg 768w\" sizes=\"auto, (max-width: 779px) 100vw, 779px\" \/><\/figure>\n<\/div>\n<\/div>\n<\/section>\n\n<section id=\"\" class=\"wp-block-mrz-block-section section-block container animate d-flex f-justify-center booking\">\n<div id=\"\" class=\"wp-block-mrz-block-container container-full d-flex container-block f-align-center\">\n<div id=\"\" class=\"wp-block-mrz-block-column-half column-half no-whitespace\">\n<figure class=\"wp-block-image size-full\"><img loading=\"lazy\" decoding=\"async\" width=\"841\" height=\"551\" src=\"https:\/\/president.mrz.works\/wp-content\/uploads\/2025\/04\/booking.jpg\" alt=\"\" class=\"wp-image-51\"\/><\/figure>\n<\/div>\n\n\n\n<div id=\"\" class=\"wp-block-mrz-block-column-half column-half f-align-center no-whitespace\">\n<h2 class=\"wp-block-mrz-block-heading headline headline--medium align-left\">Reservas<\/h2>\n\n\n\n<div class=\"wp-block-mrz-block-divider container divider divider-small\"><\/div>\n\n\n\n<p class=\"wp-block-mrz-block-content paragraph paragraph--large align-left\">\u00bfEst\u00e1 listo para deleitarse con una experiencia inolvidable? Asegure su noche exclusiva en President Escorts Club y sum\u00e9rjase en un mundo de sofisticaci\u00f3n, lujo y compa\u00f1\u00eda de \u00e9lite.<\/p>\n\n\n\n<p class=\"wp-block-mrz-block-content paragraph paragraph--normal align-center\">Ya sea que est\u00e9 celebrando una ocasi\u00f3n especial o simplemente anhelando una escapada extraordinaria, nuestro club de acompa\u00f1antes de lujo en Barcelona es el destino definitivo. No espere m\u00e1s: reserve su experiencia hoy y deje que la noche se desenvuelva en elegancia y deseo.<br><br>Tel\u00e9fono: +34 663 264 417<\/p>\n\n\n\n<a href=\"\" class=\"wp-block-mrz-block-button btn btn--normal\">WhatsApp<\/a>\n<\/div>\n<\/div>\n<\/section>\n","protected":false},"excerpt":{"rendered":"","protected":false},"author":1,"featured_media":0,"parent":0,"menu_order":0,"comment_status":"closed","ping_status":"closed","template":"","meta":{"footnotes":""},"class_list":["post-145","page","type-page","status-publish","hentry"],"aioseo_notices":[],"_links":{"self":[{"href":"https:\/\/president.mrz.works\/es\/wp-json\/wp\/v2\/pages\/145","targetHints":{"allow":["GET"]}}],"collection":[{"href":"https:\/\/president.mrz.works\/es\/wp-json\/wp\/v2\/pages"}],"about":[{"href":"https:\/\/president.mrz.works\/es\/wp-json\/wp\/v2\/types\/page"}],"author":[{"embeddable":true,"href":"https:\/\/president.mrz.works\/es\/wp-json\/wp\/v2\/users\/1"}],"replies":[{"embeddable":true,"href":"https:\/\/president.mrz.works\/es\/wp-json\/wp\/v2\/comments?post=145"}],"version-history":[{"count":6,"href":"https:\/\/president.mrz.works\/es\/wp-json\/wp\/v2\/pages\/145\/revisions"}],"predecessor-version":[{"id":177,"href":"https:\/\/president.mrz.works\/es\/wp-json\/wp\/v2\/pages\/145\/revisions\/177"}],"wp:attachment":[{"href":"https:\/\/president.mrz.works\/es\/wp-json\/wp\/v2\/media?parent=145"}],"curies":[{"name":"wp","href":"https:\/\/api.w.org\/{rel}","templated":true}]}}